{"id":2951,"date":"2026-03-26T16:17:19","date_gmt":"2026-03-26T15:17:19","guid":{"rendered":"https:\/\/elpavolador.com\/?page_id=2951"},"modified":"2026-03-26T16:52:36","modified_gmt":"2026-03-26T15:52:36","slug":"dossier-galeria-imagenes-salon-dali-cat","status":"publish","type":"page","link":"https:\/\/elpavolador.com\/fr\/dossier-galeria-imagenes-salon-dali-cat\/","title":{"rendered":"Dossier galer\u00eda im\u00e1genes Sal\u00f3n Dal\u00ed CAT"},"content":{"rendered":"<div data-elementor-type=\"wp-page\" data-elementor-id=\"2951\" class=\"elementor elementor-2951\" data-elementor-post-type=\"page\">\n\t\t\t\t<div class=\"elementor-element elementor-element-307ff392 e-flex e-con-boxed e-con e-parent\" data-id=\"307ff392\" data-element_type=\"container\" data-e-type=\"container\">\n\t\t\t\t\t<div class=\"e-con-inner\">\n\t\t\t\t<div class=\"elementor-element elementor-element-1af6a96a elementor-widget elementor-widget-image\" data-id=\"1af6a96a\" data-element_type=\"widget\" data-e-type=\"widget\" data-widget_type=\"image.default\">\n\t\t\t\t<div class=\"elementor-widget-container\">\n\t\t\t\t\t\t\t\t\t\t\t\t\t\t\t<img fetchpriority=\"high\" decoding=\"async\" width=\"1000\" height=\"460\" src=\"https:\/\/elpavolador.com\/wp-content\/uploads\/2026\/03\/base-logo-verde-sobre-blanco.jpg\" class=\"attachment-large size-large wp-image-2659\" alt=\"\" srcset=\"https:\/\/elpavolador.com\/wp-content\/uploads\/2026\/03\/base-logo-verde-sobre-blanco.jpg 1000w, https:\/\/elpavolador.com\/wp-content\/uploads\/2026\/03\/base-logo-verde-sobre-blanco-768x353.jpg 768w, https:\/\/elpavolador.com\/wp-content\/uploads\/2026\/03\/base-logo-verde-sobre-blanco-18x8.jpg 18w, https:\/\/elpavolador.com\/wp-content\/uploads\/2026\/03\/base-logo-verde-sobre-blanco-600x276.jpg 600w\" sizes=\"(max-width: 1000px) 100vw, 1000px\" \/>\t\t\t\t\t\t\t\t\t\t\t\t\t\t\t<\/div>\n\t\t\t\t<\/div>\n\t\t\t\t\t<\/div>\n\t\t\t\t<\/div>\n\t\t<div class=\"elementor-element elementor-element-7e734d62 e-flex e-con-boxed e-con e-parent\" data-id=\"7e734d62\" data-element_type=\"container\" data-e-type=\"container\">\n\t\t\t\t\t<div class=\"e-con-inner\">\n\t\t\t\t<div class=\"elementor-element elementor-element-599709e1 elementor-align-center elementor-mobile-align-center elementor-widget elementor-widget-button\" data-id=\"599709e1\" data-element_type=\"widget\" data-e-type=\"widget\" data-widget_type=\"button.default\">\n\t\t\t\t<div class=\"elementor-widget-container\">\n\t\t\t\t\t\t\t\t\t<div class=\"elementor-button-wrapper\">\n\t\t\t\t\t<a class=\"elementor-button elementor-button-link elementor-size-sm\" href=\"https:\/\/elpavolador.com\/fr\/les-sales-cat\/\">\n\t\t\t\t\t\t<span class=\"elementor-button-content-wrapper\">\n\t\t\t\t\t\t\t\t\t<span class=\"elementor-button-text\">&lt;&lt; tornar<\/span>\n\t\t\t\t\t<\/span>\n\t\t\t\t\t<\/a>\n\t\t\t\t<\/div>\n\t\t\t\t\t\t\t\t<\/div>\n\t\t\t\t<\/div>\n\t\t\t\t\t<\/div>\n\t\t\t\t<\/div>\n\t\t<div class=\"elementor-element elementor-element-6db6f3f e-flex e-con-boxed e-con e-parent\" data-id=\"6db6f3f\" data-element_type=\"container\" data-e-type=\"container\">\n\t\t\t\t\t<div class=\"e-con-inner\">\n\t\t\t\t<div class=\"elementor-element elementor-element-1cdf7a9 elementor-widget elementor-widget-text-editor\" data-id=\"1cdf7a9\" data-element_type=\"widget\" data-e-type=\"widget\" data-widget_type=\"text-editor.default\">\n\t\t\t\t<div class=\"elementor-widget-container\">\n\t\t\t\t\t\t\t\t\t<p>Sal\u00f3 Dal\u00ed<\/p>\t\t\t\t\t\t\t\t<\/div>\n\t\t\t\t<\/div>\n\t\t\t\t\t<\/div>\n\t\t\t\t<\/div>\n\t\t<div class=\"elementor-element elementor-element-25118187 e-flex e-con-boxed e-con e-parent\" data-id=\"25118187\" data-element_type=\"container\" data-e-type=\"container\">\n\t\t\t\t\t<div class=\"e-con-inner\">\n\t\t\t\t<div class=\"elementor-element elementor-element-5da875a elementor-widget elementor-widget-gallery\" data-id=\"5da875a\" data-element_type=\"widget\" data-e-type=\"widget\" data-settings=\"{&quot;lazyload&quot;:&quot;yes&quot;,&quot;gallery_layout&quot;:&quot;grid&quot;,&quot;columns&quot;:4,&quot;columns_tablet&quot;:2,&quot;columns_mobile&quot;:1,&quot;gap&quot;:{&quot;unit&quot;:&quot;px&quot;,&quot;size&quot;:10,&quot;sizes&quot;:[]},&quot;gap_tablet&quot;:{&quot;unit&quot;:&quot;px&quot;,&quot;size&quot;:10,&quot;sizes&quot;:[]},&quot;gap_mobile&quot;:{&quot;unit&quot;:&quot;px&quot;,&quot;size&quot;:10,&quot;sizes&quot;:[]},&quot;link_to&quot;:&quot;file&quot;,&quot;aspect_ratio&quot;:&quot;3:2&quot;,&quot;overlay_background&quot;:&quot;yes&quot;,&quot;content_hover_animation&quot;:&quot;fade-in&quot;}\" data-widget_type=\"gallery.default\">\n\t\t\t\t<div class=\"elementor-widget-container\">\n\t\t\t\t\t\t\t<div class=\"elementor-gallery__container\">\n\t\t\t\t\t\t\t<a class=\"e-gallery-item elementor-gallery-item elementor-animated-content\" href=\"https:\/\/elpavolador.com\/wp-content\/uploads\/2026\/03\/web_salas_dali.jpg\" data-elementor-open-lightbox=\"yes\" data-elementor-lightbox-slideshow=\"5da875a\" data-elementor-lightbox-title=\"web_salas_dali\" data-e-action-hash=\"#elementor-action%3Aaction%3Dlightbox%26settings%3DeyJpZCI6MjkzMiwidXJsIjoiaHR0cHM6XC9cL2VscGF2b2xhZG9yLmNvbVwvd3AtY29udGVudFwvdXBsb2Fkc1wvMjAyNlwvMDNcL3dlYl9zYWxhc19kYWxpLmpwZyIsInNsaWRlc2hvdyI6IjVkYTg3NWEifQ%3D%3D\">\n\t\t\t\t\t<div class=\"e-gallery-image elementor-gallery-item__image\" data-thumbnail=\"https:\/\/elpavolador.com\/wp-content\/uploads\/2026\/03\/web_salas_dali.jpg\" data-width=\"1000\" data-height=\"676\" aria-label=\"\" role=\"img\" ><\/div>\n\t\t\t\t\t\t\t\t\t\t\t<div class=\"elementor-gallery-item__overlay\"><\/div>\n\t\t\t\t\t\t\t\t\t\t\t\t\t\t<\/a>\n\t\t\t\t\t\t\t<a class=\"e-gallery-item elementor-gallery-item elementor-animated-content\" href=\"https:\/\/elpavolador.com\/wp-content\/uploads\/2026\/03\/IMG_5364-scaled.jpg\" data-elementor-open-lightbox=\"yes\" data-elementor-lightbox-slideshow=\"5da875a\" data-elementor-lightbox-title=\"Processed with MOLDIV\" data-e-action-hash=\"#elementor-action%3Aaction%3Dlightbox%26settings%3DeyJpZCI6Mjk1MCwidXJsIjoiaHR0cHM6XC9cL2VscGF2b2xhZG9yLmNvbVwvd3AtY29udGVudFwvdXBsb2Fkc1wvMjAyNlwvMDNcL0lNR181MzY0LXNjYWxlZC5qcGciLCJzbGlkZXNob3ciOiI1ZGE4NzVhIn0%3D\">\n\t\t\t\t\t<div class=\"e-gallery-image elementor-gallery-item__image\" data-thumbnail=\"https:\/\/elpavolador.com\/wp-content\/uploads\/2026\/03\/IMG_5364-scaled.jpg\" data-width=\"1920\" data-height=\"2560\" aria-label=\"\" role=\"img\" ><\/div>\n\t\t\t\t\t\t\t\t\t\t\t<div class=\"elementor-gallery-item__overlay\"><\/div>\n\t\t\t\t\t\t\t\t\t\t\t\t\t\t<\/a>\n\t\t\t\t\t\t\t<a class=\"e-gallery-item elementor-gallery-item elementor-animated-content\" href=\"https:\/\/elpavolador.com\/wp-content\/uploads\/2026\/03\/Dali.jpg\" data-elementor-open-lightbox=\"yes\" data-elementor-lightbox-slideshow=\"5da875a\" data-elementor-lightbox-title=\"Processed with MOLDIV\" data-e-action-hash=\"#elementor-action%3Aaction%3Dlightbox%26settings%3DeyJpZCI6Mjk0OSwidXJsIjoiaHR0cHM6XC9cL2VscGF2b2xhZG9yLmNvbVwvd3AtY29udGVudFwvdXBsb2Fkc1wvMjAyNlwvMDNcL0RhbGkuanBnIiwic2xpZGVzaG93IjoiNWRhODc1YSJ9\">\n\t\t\t\t\t<div class=\"e-gallery-image elementor-gallery-item__image\" data-thumbnail=\"https:\/\/elpavolador.com\/wp-content\/uploads\/2026\/03\/Dali.jpg\" data-width=\"2048\" data-height=\"1536\" aria-label=\"\" role=\"img\" ><\/div>\n\t\t\t\t\t\t\t\t\t\t\t<div class=\"elementor-gallery-item__overlay\"><\/div>\n\t\t\t\t\t\t\t\t\t\t\t\t\t\t<\/a>\n\t\t\t\t\t\t\t<a class=\"e-gallery-item elementor-gallery-item elementor-animated-content\" href=\"https:\/\/elpavolador.com\/wp-content\/uploads\/2026\/03\/1684426833-1_1_11363-170902632616347.jpeg\" data-elementor-open-lightbox=\"yes\" data-elementor-lightbox-slideshow=\"5da875a\" data-elementor-lightbox-title=\"1684426833-1_1_11363-170902632616347\" data-e-action-hash=\"#elementor-action%3Aaction%3Dlightbox%26settings%3DeyJpZCI6Mjk2MywidXJsIjoiaHR0cHM6XC9cL2VscGF2b2xhZG9yLmNvbVwvd3AtY29udGVudFwvdXBsb2Fkc1wvMjAyNlwvMDNcLzE2ODQ0MjY4MzMtMV8xXzExMzYzLTE3MDkwMjYzMjYxNjM0Ny5qcGVnIiwic2xpZGVzaG93IjoiNWRhODc1YSJ9\">\n\t\t\t\t\t<div class=\"e-gallery-image elementor-gallery-item__image\" data-thumbnail=\"https:\/\/elpavolador.com\/wp-content\/uploads\/2026\/03\/1684426833-1_1_11363-170902632616347.jpeg\" data-width=\"960\" data-height=\"640\" aria-label=\"\" role=\"img\" ><\/div>\n\t\t\t\t\t\t\t\t\t\t\t<div class=\"elementor-gallery-item__overlay\"><\/div>\n\t\t\t\t\t\t\t\t\t\t\t\t\t\t<\/a>\n\t\t\t\t\t\t\t<a class=\"e-gallery-item elementor-gallery-item elementor-animated-content\" href=\"https:\/\/elpavolador.com\/wp-content\/uploads\/2026\/03\/1997127.jpeg\" data-elementor-open-lightbox=\"yes\" data-elementor-lightbox-slideshow=\"5da875a\" data-elementor-lightbox-title=\"1997127\" data-e-action-hash=\"#elementor-action%3Aaction%3Dlightbox%26settings%3DeyJpZCI6Mjk2MiwidXJsIjoiaHR0cHM6XC9cL2VscGF2b2xhZG9yLmNvbVwvd3AtY29udGVudFwvdXBsb2Fkc1wvMjAyNlwvMDNcLzE5OTcxMjcuanBlZyIsInNsaWRlc2hvdyI6IjVkYTg3NWEifQ%3D%3D\">\n\t\t\t\t\t<div class=\"e-gallery-image elementor-gallery-item__image\" data-thumbnail=\"https:\/\/elpavolador.com\/wp-content\/uploads\/2026\/03\/1997127.jpeg\" data-width=\"640\" data-height=\"960\" aria-label=\"\" role=\"img\" ><\/div>\n\t\t\t\t\t\t\t\t\t\t\t<div class=\"elementor-gallery-item__overlay\"><\/div>\n\t\t\t\t\t\t\t\t\t\t\t\t\t\t<\/a>\n\t\t\t\t\t\t\t<a class=\"e-gallery-item elementor-gallery-item elementor-animated-content\" href=\"https:\/\/elpavolador.com\/wp-content\/uploads\/2026\/03\/pv05.jpg\" data-elementor-open-lightbox=\"yes\" data-elementor-lightbox-slideshow=\"5da875a\" data-elementor-lightbox-title=\"pv05\" data-e-action-hash=\"#elementor-action%3Aaction%3Dlightbox%26settings%3DeyJpZCI6Mjk2MSwidXJsIjoiaHR0cHM6XC9cL2VscGF2b2xhZG9yLmNvbVwvd3AtY29udGVudFwvdXBsb2Fkc1wvMjAyNlwvMDNcL3B2MDUuanBnIiwic2xpZGVzaG93IjoiNWRhODc1YSJ9\">\n\t\t\t\t\t<div class=\"e-gallery-image elementor-gallery-item__image\" data-thumbnail=\"https:\/\/elpavolador.com\/wp-content\/uploads\/2026\/03\/pv05.jpg\" data-width=\"1618\" data-height=\"2000\" aria-label=\"\" role=\"img\" ><\/div>\n\t\t\t\t\t\t\t\t\t\t\t<div class=\"elementor-gallery-item__overlay\"><\/div>\n\t\t\t\t\t\t\t\t\t\t\t\t\t\t<\/a>\n\t\t\t\t\t\t\t<a class=\"e-gallery-item elementor-gallery-item elementor-animated-content\" href=\"https:\/\/elpavolador.com\/wp-content\/uploads\/2026\/03\/pv04.jpg\" data-elementor-open-lightbox=\"yes\" data-elementor-lightbox-slideshow=\"5da875a\" data-elementor-lightbox-title=\"pv04\" data-e-action-hash=\"#elementor-action%3Aaction%3Dlightbox%26settings%3DeyJpZCI6Mjk2MCwidXJsIjoiaHR0cHM6XC9cL2VscGF2b2xhZG9yLmNvbVwvd3AtY29udGVudFwvdXBsb2Fkc1wvMjAyNlwvMDNcL3B2MDQuanBnIiwic2xpZGVzaG93IjoiNWRhODc1YSJ9\">\n\t\t\t\t\t<div class=\"e-gallery-image elementor-gallery-item__image\" data-thumbnail=\"https:\/\/elpavolador.com\/wp-content\/uploads\/2026\/03\/pv04.jpg\" data-width=\"2000\" data-height=\"1276\" aria-label=\"\" role=\"img\" ><\/div>\n\t\t\t\t\t\t\t\t\t\t\t<div class=\"elementor-gallery-item__overlay\"><\/div>\n\t\t\t\t\t\t\t\t\t\t\t\t\t\t<\/a>\n\t\t\t\t\t\t\t<a class=\"e-gallery-item elementor-gallery-item elementor-animated-content\" href=\"https:\/\/elpavolador.com\/wp-content\/uploads\/2026\/03\/pv03.jpg\" data-elementor-open-lightbox=\"yes\" data-elementor-lightbox-slideshow=\"5da875a\" data-elementor-lightbox-title=\"pv03\" data-e-action-hash=\"#elementor-action%3Aaction%3Dlightbox%26settings%3DeyJpZCI6Mjk1OSwidXJsIjoiaHR0cHM6XC9cL2VscGF2b2xhZG9yLmNvbVwvd3AtY29udGVudFwvdXBsb2Fkc1wvMjAyNlwvMDNcL3B2MDMuanBnIiwic2xpZGVzaG93IjoiNWRhODc1YSJ9\">\n\t\t\t\t\t<div class=\"e-gallery-image elementor-gallery-item__image\" data-thumbnail=\"https:\/\/elpavolador.com\/wp-content\/uploads\/2026\/03\/pv03.jpg\" data-width=\"2000\" data-height=\"1006\" aria-label=\"\" role=\"img\" ><\/div>\n\t\t\t\t\t\t\t\t\t\t\t<div class=\"elementor-gallery-item__overlay\"><\/div>\n\t\t\t\t\t\t\t\t\t\t\t\t\t\t<\/a>\n\t\t\t\t\t\t\t<a class=\"e-gallery-item elementor-gallery-item elementor-animated-content\" href=\"https:\/\/elpavolador.com\/wp-content\/uploads\/2026\/03\/pv02.jpg\" data-elementor-open-lightbox=\"yes\" data-elementor-lightbox-slideshow=\"5da875a\" data-elementor-lightbox-title=\"pv02\" data-e-action-hash=\"#elementor-action%3Aaction%3Dlightbox%26settings%3DeyJpZCI6Mjk1OCwidXJsIjoiaHR0cHM6XC9cL2VscGF2b2xhZG9yLmNvbVwvd3AtY29udGVudFwvdXBsb2Fkc1wvMjAyNlwvMDNcL3B2MDIuanBnIiwic2xpZGVzaG93IjoiNWRhODc1YSJ9\">\n\t\t\t\t\t<div class=\"e-gallery-image elementor-gallery-item__image\" data-thumbnail=\"https:\/\/elpavolador.com\/wp-content\/uploads\/2026\/03\/pv02.jpg\" data-width=\"1456\" data-height=\"2000\" aria-label=\"\" role=\"img\" ><\/div>\n\t\t\t\t\t\t\t\t\t\t\t<div class=\"elementor-gallery-item__overlay\"><\/div>\n\t\t\t\t\t\t\t\t\t\t\t\t\t\t<\/a>\n\t\t\t\t\t\t\t<a class=\"e-gallery-item elementor-gallery-item elementor-animated-content\" href=\"https:\/\/elpavolador.com\/wp-content\/uploads\/2026\/03\/pv01.jpg\" data-elementor-open-lightbox=\"yes\" data-elementor-lightbox-slideshow=\"5da875a\" data-elementor-lightbox-title=\"pv01\" data-e-action-hash=\"#elementor-action%3Aaction%3Dlightbox%26settings%3DeyJpZCI6Mjk1NywidXJsIjoiaHR0cHM6XC9cL2VscGF2b2xhZG9yLmNvbVwvd3AtY29udGVudFwvdXBsb2Fkc1wvMjAyNlwvMDNcL3B2MDEuanBnIiwic2xpZGVzaG93IjoiNWRhODc1YSJ9\">\n\t\t\t\t\t<div class=\"e-gallery-image elementor-gallery-item__image\" data-thumbnail=\"https:\/\/elpavolador.com\/wp-content\/uploads\/2026\/03\/pv01.jpg\" data-width=\"2000\" data-height=\"1459\" aria-label=\"\" role=\"img\" ><\/div>\n\t\t\t\t\t\t\t\t\t\t\t<div class=\"elementor-gallery-item__overlay\"><\/div>\n\t\t\t\t\t\t\t\t\t\t\t\t\t\t<\/a>\n\t\t\t\t\t<\/div>\n\t\t\t\t\t<\/div>\n\t\t\t\t<\/div>\n\t\t\t\t\t<\/div>\n\t\t\t\t<\/div>\n\t\t<div class=\"elementor-element elementor-element-312211e e-flex e-con-boxed e-con e-parent\" data-id=\"312211e\" data-element_type=\"container\" data-e-type=\"container\">\n\t\t\t\t\t<div class=\"e-con-inner\">\n\t\t\t\t<div class=\"elementor-element elementor-element-0dd2c20 elementor-align-center elementor-mobile-align-center elementor-widget elementor-widget-button\" data-id=\"0dd2c20\" data-element_type=\"widget\" data-e-type=\"widget\" data-widget_type=\"button.default\">\n\t\t\t\t<div class=\"elementor-widget-container\">\n\t\t\t\t\t\t\t\t\t<div class=\"elementor-button-wrapper\">\n\t\t\t\t\t<a class=\"elementor-button elementor-button-link elementor-size-sm\" href=\"https:\/\/elpavolador.com\/fr\/les-sales-cat\/\">\n\t\t\t\t\t\t<span class=\"elementor-button-content-wrapper\">\n\t\t\t\t\t\t\t\t\t<span class=\"elementor-button-text\">&lt;&lt; tornar<\/span>\n\t\t\t\t\t<\/span>\n\t\t\t\t\t<\/a>\n\t\t\t\t<\/div>\n\t\t\t\t\t\t\t\t<\/div>\n\t\t\t\t<\/div>\n\t\t\t\t\t<\/div>\n\t\t\t\t<\/div>\n\t\t<div class=\"elementor-element elementor-element-8b55468 e-flex e-con-boxed e-con e-parent\" data-id=\"8b55468\" data-element_type=\"container\" data-e-type=\"container\">\n\t\t\t\t\t<div class=\"e-con-inner\">\n\t\t\t\t<div class=\"elementor-element elementor-element-ac6401f elementor-widget elementor-widget-image\" data-id=\"ac6401f\" data-element_type=\"widget\" data-e-type=\"widget\" data-widget_type=\"image.default\">\n\t\t\t\t<div class=\"elementor-widget-container\">\n\t\t\t\t\t\t\t\t\t\t\t\t\t\t\t<img fetchpriority=\"high\" decoding=\"async\" width=\"1000\" height=\"460\" src=\"https:\/\/elpavolador.com\/wp-content\/uploads\/2026\/03\/base-logo-verde-sobre-blanco.jpg\" class=\"attachment-large size-large wp-image-2659\" alt=\"\" srcset=\"https:\/\/elpavolador.com\/wp-content\/uploads\/2026\/03\/base-logo-verde-sobre-blanco.jpg 1000w, https:\/\/elpavolador.com\/wp-content\/uploads\/2026\/03\/base-logo-verde-sobre-blanco-768x353.jpg 768w, https:\/\/elpavolador.com\/wp-content\/uploads\/2026\/03\/base-logo-verde-sobre-blanco-18x8.jpg 18w, https:\/\/elpavolador.com\/wp-content\/uploads\/2026\/03\/base-logo-verde-sobre-blanco-600x276.jpg 600w\" sizes=\"(max-width: 1000px) 100vw, 1000px\" \/>\t\t\t\t\t\t\t\t\t\t\t\t\t\t\t<\/div>\n\t\t\t\t<\/div>\n\t\t\t\t\t<\/div>\n\t\t\t\t<\/div>\n\t\t<div class=\"elementor-element elementor-element-38d141a e-flex e-con-boxed e-con e-parent\" data-id=\"38d141a\" data-element_type=\"container\" data-e-type=\"container\">\n\t\t\t\t\t<div class=\"e-con-inner\">\n\t\t\t\t<div class=\"elementor-element elementor-element-80969bf elementor-widget elementor-widget-spacer\" data-id=\"80969bf\" data-element_type=\"widget\" data-e-type=\"widget\" data-widget_type=\"spacer.default\">\n\t\t\t\t<div class=\"elementor-widget-container\">\n\t\t\t\t\t\t\t<div class=\"elementor-spacer\">\n\t\t\t<div class=\"elementor-spacer-inner\"><\/div>\n\t\t<\/div>\n\t\t\t\t\t\t<\/div>\n\t\t\t\t<\/div>\n\t\t\t\t\t<\/div>\n\t\t\t\t<\/div>\n\t\t\t\t<\/div>","protected":false},"excerpt":{"rendered":"<p>&lt;&lt; tornar Sal\u00f3 Dal\u00ed &lt;&lt; tornar<\/p>","protected":false},"author":4,"featured_media":0,"parent":0,"menu_order":0,"comment_status":"closed","ping_status":"closed","template":"elementor_canvas","meta":{"_monsterinsights_skip_tracking":false,"_monsterinsights_sitenote_active":false,"_monsterinsights_sitenote_note":"","_monsterinsights_sitenote_category":0,"site-sidebar-layout":"no-sidebar","site-content-layout":"page-builder","ast-site-content-layout":"full-width-container","site-content-style":"default","site-sidebar-style":"default","ast-global-header-display":"","ast-banner-title-visibility":"","ast-main-header-display":"","ast-hfb-above-header-display":"","ast-hfb-below-header-display":"","ast-hfb-mobile-header-display":"","site-post-title":"","ast-breadcrumbs-content":"","ast-featured-img":"disabled","footer-sml-layout":"","ast-disable-related-posts":"","theme-transparent-header-meta":"default","adv-header-id-meta":"","stick-header-meta":"default","header-above-stick-meta":"","header-main-stick-meta":"","header-below-stick-meta":"","astra-migrate-meta-layouts":"set","ast-page-background-enabled":"default","ast-page-background-meta":{"desktop":{"background-color":"var(--ast-global-color-4)","background-image":"","background-repeat":"repeat","background-position":"center center","background-size":"auto","background-attachment":"scroll","background-type":"","background-media":"","overlay-type":"","overlay-color":"","overlay-opacity":"","overlay-gradient":""},"tablet":{"background-color":"","background-image":"","background-repeat":"repeat","background-position":"center center","background-size":"auto","background-attachment":"scroll","background-type":"","background-media":"","overlay-type":"","overlay-color":"","overlay-opacity":"","overlay-gradient":""},"mobile":{"background-color":"","background-image":"","background-repeat":"repeat","background-position":"center center","background-size":"auto","background-attachment":"scroll","background-type":"","background-media":"","overlay-type":"","overlay-color":"","overlay-opacity":"","overlay-gradient":""}},"ast-content-background-meta":{"desktop":{"background-color":"var(--ast-global-color-5)","background-image":"","background-repeat":"repeat","background-position":"center center","background-size":"auto","background-attachment":"scroll","background-type":"","background-media":"","overlay-type":"","overlay-color":"","overlay-opacity":"","overlay-gradient":""},"tablet":{"background-color":"var(--ast-global-color-5)","background-image":"","background-repeat":"repeat","background-position":"center center","background-size":"auto","background-attachment":"scroll","background-type":"","background-media":"","overlay-type":"","overlay-color":"","overlay-opacity":"","overlay-gradient":""},"mobile":{"background-color":"var(--ast-global-color-5)","background-image":"","background-repeat":"repeat","background-position":"center center","background-size":"auto","background-attachment":"scroll","background-type":"","background-media":"","overlay-type":"","overlay-color":"","overlay-opacity":"","overlay-gradient":""}},"footnotes":""},"class_list":["post-2951","page","type-page","status-publish","hentry"],"_links":{"self":[{"href":"https:\/\/elpavolador.com\/fr\/wp-json\/wp\/v2\/pages\/2951","targetHints":{"allow":["GET"]}}],"collection":[{"href":"https:\/\/elpavolador.com\/fr\/wp-json\/wp\/v2\/pages"}],"about":[{"href":"https:\/\/elpavolador.com\/fr\/wp-json\/wp\/v2\/types\/page"}],"author":[{"embeddable":true,"href":"https:\/\/elpavolador.com\/fr\/wp-json\/wp\/v2\/users\/4"}],"replies":[{"embeddable":true,"href":"https:\/\/elpavolador.com\/fr\/wp-json\/wp\/v2\/comments?post=2951"}],"version-history":[{"count":10,"href":"https:\/\/elpavolador.com\/fr\/wp-json\/wp\/v2\/pages\/2951\/revisions"}],"predecessor-version":[{"id":2978,"href":"https:\/\/elpavolador.com\/fr\/wp-json\/wp\/v2\/pages\/2951\/revisions\/2978"}],"wp:attachment":[{"href":"https:\/\/elpavolador.com\/fr\/wp-json\/wp\/v2\/media?parent=2951"}],"curies":[{"name":"wp","href":"https:\/\/api.w.org\/{rel}","templated":true}]}}